{"id":583,"date":"2025-09-15T08:13:17","date_gmt":"2025-09-15T08:13:17","guid":{"rendered":"https:\/\/test.schoeni-consulting.ch\/?page_id=583"},"modified":"2025-09-16T19:32:00","modified_gmt":"2025-09-16T19:32:00","slug":"gefahrgutbeauftragten-mandate","status":"publish","type":"page","link":"https:\/\/test.schoeni-consulting.ch\/?page_id=583","title":{"rendered":"Gefahrgutbeauftragten Mandate"},"content":{"rendered":"\t\t<div data-elementor-type=\"wp-page\" data-elementor-id=\"583\" class=\"elementor elementor-583\" data-elementor-post-type=\"page\">\n\t\t\t\t<div class=\"elementor-element elementor-element-9f44db3 e-con-full e-flex e-con e-parent\" data-id=\"9f44db3\" data-element_type=\"container\">\n\t\t<div class=\"elementor-element elementor-element-a064c44 e-con-full e-flex e-con e-child\" data-id=\"a064c44\" data-element_type=\"container\" data-settings=\"{&quot;background_background&quot;:&quot;classic&quot;}\">\n\t\t\t\t<\/div>\n\t\t<div class=\"elementor-element elementor-element-3f35c40 e-con-full e-flex e-con e-child\" data-id=\"3f35c40\" data-element_type=\"container\">\n\t\t\t\t<div class=\"elementor-element elementor-element-61fa0df elementor-widget__width-inherit elementor-widget elementor-widget-heading\" data-id=\"61fa0df\" data-element_type=\"widget\" data-widget_type=\"heading.default\">\n\t\t\t\t\t<h2 class=\"elementor-heading-title elementor-size-default\">Gefahrgutbeauftragten<\/h2>\t\t\t\t<\/div>\n\t\t\t\t<div class=\"elementor-element elementor-element-7fd04b6 elementor-widget__width-inherit elementor-widget elementor-widget-heading\" data-id=\"7fd04b6\" data-element_type=\"widget\" data-widget_type=\"heading.default\">\n\t\t\t\t\t<h2 class=\"elementor-heading-title elementor-size-default\">MANDATE<\/h2>\t\t\t\t<\/div>\n\t\t\t\t<\/div>\n\t\t<div class=\"elementor-element elementor-element-bc66005 e-con-full e-flex e-con e-child\" data-id=\"bc66005\" data-element_type=\"container\" data-settings=\"{&quot;background_background&quot;:&quot;classic&quot;}\">\n\t\t\t\t<\/div>\n\t\t\t\t<\/div>\n\t\t<div class=\"elementor-element elementor-element-ac44e12 e-con-full e-flex e-con e-parent\" data-id=\"ac44e12\" data-element_type=\"container\" data-settings=\"{&quot;background_background&quot;:&quot;classic&quot;}\">\n\t\t\t\t<div class=\"elementor-element elementor-element-286da41 elementor-widget-divider--separator-type-pattern elementor-widget-divider--view-line elementor-widget elementor-widget-divider\" data-id=\"286da41\" data-element_type=\"widget\" data-widget_type=\"divider.default\">\n\t\t\t\t\t\t\t<div class=\"elementor-divider\" style=\"--divider-pattern-url: url(&quot;data:image\/svg+xml,%3Csvg xmlns=&#039;http:\/\/www.w3.org\/2000\/svg&#039; preserveAspectRatio=&#039;none&#039; overflow=&#039;visible&#039; height=&#039;100%&#039; viewBox=&#039;0 0 24 24&#039; fill=&#039;black&#039; stroke=&#039;none&#039;%3E%3Cpolygon points=&#039;9.4,2 24,2 14.6,21.6 0,21.6&#039;\/%3E%3C\/svg%3E&quot;);\">\n\t\t\t<span class=\"elementor-divider-separator\">\n\t\t\t\t\t\t<\/span>\n\t\t<\/div>\n\t\t\t\t\t\t<\/div>\n\t\t\t\t<\/div>\n\t\t<div class=\"elementor-element elementor-element-b5092c8 e-con-full e-flex e-con e-parent\" data-id=\"b5092c8\" data-element_type=\"container\" data-settings=\"{&quot;background_background&quot;:&quot;classic&quot;}\">\n\t\t<div class=\"elementor-element elementor-element-83393b9 e-con-full e-flex e-con e-child\" data-id=\"83393b9\" data-element_type=\"container\">\n\t\t\t\t<div class=\"elementor-element elementor-element-5f31b2d elementor-widget elementor-widget-heading\" data-id=\"5f31b2d\" data-element_type=\"widget\" data-widget_type=\"heading.default\">\n\t\t\t\t\t<h2 class=\"elementor-heading-title elementor-size-default\">Bei <span style=\"color:#F26925\">Sch\u00f6ni Consulting<\/span> geht unsere Unterst\u00fctzung weit \u00fcber das Gefahrgutbeauftragten Mandat hinaus<\/h2>\t\t\t\t<\/div>\n\t\t\t\t<\/div>\n\t\t<div class=\"elementor-element elementor-element-ac9d16e e-con-full e-flex e-con e-child\" data-id=\"ac9d16e\" data-element_type=\"container\">\n\t\t\t\t<div class=\"elementor-element elementor-element-858f4c4 elementor-widget elementor-widget-text-editor\" data-id=\"858f4c4\" data-element_type=\"widget\" data-widget_type=\"text-editor.default\">\n\t\t\t\t\t\t\t\t\t<p><span style=\"font-weight: 400;\">Keine Zeit, selbst einen Gefahrgutbeauftragten zu stellen? Wir \u00fcbernehmen dieses Mandat zuverl\u00e4ssig und kompetent f\u00fcr Sie. Als externe Gefahrgutbeauftragte k\u00fcmmern wir uns um die Einhaltung aller gesetzlichen Pflichten, erstellen Berichte, beraten bei Transportfragen und schulen Ihre Mitarbeitenden.<br \/><\/span><span style=\"font-weight: 400;\"><br \/><\/span><span style=\"font-weight: 400;\">So sind Sie jederzeit auf der sicheren Seite \u2013 <\/span><b>gesetzeskonform, effizient und ohne zus\u00e4tzlichen Verwaltungsaufwand<\/b><span style=\"font-weight: 400;\">.<\/span><\/p>\t\t\t\t\t\t\t\t<\/div>\n\t\t\t\t<\/div>\n\t\t\t\t<\/div>\n\t\t<div class=\"elementor-element elementor-element-a831788 e-con-full e-flex e-con e-parent\" data-id=\"a831788\" data-element_type=\"container\" data-settings=\"{&quot;background_background&quot;:&quot;gradient&quot;}\">\n\t\t<div class=\"elementor-element elementor-element-d12237b e-con-full e-flex e-con e-child\" data-id=\"d12237b\" data-element_type=\"container\">\n\t\t\t\t<div class=\"elementor-element elementor-element-83940eb elementor-widget elementor-widget-heading\" data-id=\"83940eb\" data-element_type=\"widget\" data-widget_type=\"heading.default\">\n\t\t\t\t\t<h2 class=\"elementor-heading-title elementor-size-default\">Ob Luft, Land oder See \u2013 wir sind Ihr Partner f\u00fcr umfassende Gefahrgutl\u00f6sungen.<\/h2>\t\t\t\t<\/div>\n\t\t\t\t<\/div>\n\t\t<div class=\"elementor-element elementor-element-8c14a1a e-con-full e-flex e-con e-child\" data-id=\"8c14a1a\" data-element_type=\"container\">\n\t\t\t\t<div class=\"elementor-element elementor-element-5113e7e elementor-widget elementor-widget-hotspot\" data-id=\"5113e7e\" data-element_type=\"widget\" data-settings=\"{&quot;hotspot&quot;:[{&quot;_id&quot;:&quot;be59530&quot;,&quot;hotspot_icon&quot;:{&quot;value&quot;:&quot;far fa-dot-circle&quot;,&quot;library&quot;:&quot;fa-regular&quot;},&quot;hotspot_icon_spacing&quot;:{&quot;unit&quot;:&quot;px&quot;,&quot;size&quot;:18,&quot;sizes&quot;:[]},&quot;hotspot_custom_size&quot;:&quot;&quot;,&quot;hotspot_width&quot;:null,&quot;hotspot_height&quot;:null,&quot;hotspot_tooltip_content&quot;:&quot;&quot;,&quot;hotspot_offset_x&quot;:{&quot;unit&quot;:&quot;%&quot;,&quot;size&quot;:34,&quot;sizes&quot;:[]},&quot;hotspot_offset_y&quot;:{&quot;unit&quot;:&quot;%&quot;,&quot;size&quot;:34,&quot;sizes&quot;:[]},&quot;hotspot_tooltip_position&quot;:&quot;yes&quot;,&quot;hotspot_tooltip_width&quot;:{&quot;unit&quot;:&quot;px&quot;,&quot;size&quot;:0,&quot;sizes&quot;:[]},&quot;hotspot_label&quot;:&quot;Luftfacht Training&quot;,&quot;__dynamic__&quot;:{&quot;hotspot_link&quot;:&quot;[elementor-tag id=\\&quot;baf5a39\\&quot; name=\\&quot;internal-url\\&quot; settings=\\&quot;%7B%22type%22%3A%22post%22%2C%22post_id%22%3A%22409%22%7D\\&quot;]&quot;},&quot;hotspot_link&quot;:{&quot;url&quot;:&quot;https:\\\/\\\/test.schoeni-consulting.ch\\\/?page_id=409&quot;,&quot;is_external&quot;:&quot;&quot;,&quot;nofollow&quot;:&quot;&quot;,&quot;custom_attributes&quot;:&quot;&quot;},&quot;hotspot_horizontal&quot;:&quot;left&quot;,&quot;hotspot_vertical&quot;:&quot;top&quot;,&quot;hotspot_position&quot;:&quot;&quot;,&quot;hotspot_icon_position&quot;:&quot;start&quot;,&quot;hotspot_tooltip_text_wrap&quot;:&quot;&quot;},{&quot;hotspot_icon&quot;:{&quot;value&quot;:&quot;far fa-dot-circle&quot;,&quot;library&quot;:&quot;fa-regular&quot;},&quot;hotspot_icon_spacing&quot;:{&quot;unit&quot;:&quot;px&quot;,&quot;size&quot;:18,&quot;sizes&quot;:[]},&quot;hotspot_custom_size&quot;:&quot;&quot;,&quot;hotspot_width&quot;:null,&quot;hotspot_height&quot;:null,&quot;hotspot_tooltip_content&quot;:&quot;&quot;,&quot;hotspot_offset_x&quot;:{&quot;unit&quot;:&quot;%&quot;,&quot;size&quot;:63,&quot;sizes&quot;:[]},&quot;hotspot_offset_y&quot;:{&quot;unit&quot;:&quot;%&quot;,&quot;size&quot;:27,&quot;sizes&quot;:[]},&quot;hotspot_tooltip_position&quot;:&quot;yes&quot;,&quot;hotspot_tooltip_width&quot;:{&quot;unit&quot;:&quot;px&quot;,&quot;size&quot;:0,&quot;sizes&quot;:[]},&quot;_id&quot;:&quot;4ef4102&quot;,&quot;hotspot_label&quot;:&quot;\\u00a0ADR Training&quot;,&quot;__dynamic__&quot;:{&quot;hotspot_link&quot;:&quot;[elementor-tag id=\\&quot;2cad3a4\\&quot; name=\\&quot;internal-url\\&quot; settings=\\&quot;%7B%22type%22%3A%22post%22%2C%22post_id%22%3A%22578%22%7D\\&quot;]&quot;},&quot;hotspot_link&quot;:{&quot;url&quot;:&quot;https:\\\/\\\/test.schoeni-consulting.ch\\\/?page_id=578&quot;,&quot;is_external&quot;:&quot;&quot;,&quot;nofollow&quot;:&quot;&quot;,&quot;custom_attributes&quot;:&quot;&quot;},&quot;hotspot_horizontal&quot;:&quot;left&quot;,&quot;hotspot_vertical&quot;:&quot;top&quot;,&quot;hotspot_position&quot;:&quot;&quot;,&quot;hotspot_icon_position&quot;:&quot;start&quot;,&quot;hotspot_tooltip_text_wrap&quot;:&quot;&quot;},{&quot;hotspot_icon&quot;:{&quot;value&quot;:&quot;far fa-dot-circle&quot;,&quot;library&quot;:&quot;fa-regular&quot;},&quot;hotspot_icon_spacing&quot;:{&quot;unit&quot;:&quot;px&quot;,&quot;size&quot;:18,&quot;sizes&quot;:[]},&quot;hotspot_custom_size&quot;:&quot;&quot;,&quot;hotspot_width&quot;:null,&quot;hotspot_height&quot;:null,&quot;hotspot_tooltip_content&quot;:&quot;&quot;,&quot;hotspot_offset_x&quot;:{&quot;unit&quot;:&quot;%&quot;,&quot;size&quot;:32,&quot;sizes&quot;:[]},&quot;hotspot_offset_y&quot;:{&quot;unit&quot;:&quot;%&quot;,&quot;size&quot;:55,&quot;sizes&quot;:[]},&quot;hotspot_tooltip_position&quot;:&quot;yes&quot;,&quot;hotspot_tooltip_width&quot;:{&quot;unit&quot;:&quot;px&quot;,&quot;size&quot;:0,&quot;sizes&quot;:[]},&quot;_id&quot;:&quot;0dc23db&quot;,&quot;hotspot_label&quot;:&quot;Seefracht Training&quot;,&quot;__dynamic__&quot;:{&quot;hotspot_link&quot;:&quot;[elementor-tag id=\\&quot;738b21b\\&quot; name=\\&quot;internal-url\\&quot; settings=\\&quot;%7B%22type%22%3A%22post%22%2C%22post_id%22%3A%22753%22%7D\\&quot;]&quot;},&quot;hotspot_link&quot;:{&quot;url&quot;:&quot;https:\\\/\\\/test.schoeni-consulting.ch\\\/?page_id=753&quot;,&quot;is_external&quot;:&quot;&quot;,&quot;nofollow&quot;:&quot;&quot;,&quot;custom_attributes&quot;:&quot;&quot;},&quot;hotspot_horizontal&quot;:&quot;left&quot;,&quot;hotspot_vertical&quot;:&quot;top&quot;,&quot;hotspot_position&quot;:&quot;&quot;,&quot;hotspot_icon_position&quot;:&quot;start&quot;,&quot;hotspot_tooltip_text_wrap&quot;:&quot;&quot;},{&quot;hotspot_icon&quot;:{&quot;value&quot;:&quot;far fa-dot-circle&quot;,&quot;library&quot;:&quot;fa-regular&quot;},&quot;hotspot_icon_spacing&quot;:{&quot;unit&quot;:&quot;px&quot;,&quot;size&quot;:18,&quot;sizes&quot;:[]},&quot;hotspot_custom_size&quot;:&quot;&quot;,&quot;hotspot_width&quot;:null,&quot;hotspot_height&quot;:null,&quot;hotspot_tooltip_content&quot;:&quot;&quot;,&quot;hotspot_offset_x&quot;:{&quot;unit&quot;:&quot;%&quot;,&quot;size&quot;:55,&quot;sizes&quot;:[]},&quot;hotspot_offset_y&quot;:{&quot;unit&quot;:&quot;%&quot;,&quot;size&quot;:61,&quot;sizes&quot;:[]},&quot;hotspot_tooltip_position&quot;:&quot;yes&quot;,&quot;hotspot_tooltip_width&quot;:{&quot;unit&quot;:&quot;px&quot;,&quot;size&quot;:0,&quot;sizes&quot;:[]},&quot;_id&quot;:&quot;d00aed0&quot;,&quot;hotspot_label&quot;:&quot;Inhouse Training&quot;,&quot;hotspot_link&quot;:{&quot;url&quot;:&quot;&quot;,&quot;is_external&quot;:&quot;&quot;,&quot;nofollow&quot;:&quot;&quot;,&quot;custom_attributes&quot;:&quot;&quot;},&quot;hotspot_horizontal&quot;:&quot;left&quot;,&quot;hotspot_vertical&quot;:&quot;top&quot;,&quot;hotspot_position&quot;:&quot;&quot;,&quot;hotspot_icon_position&quot;:&quot;start&quot;,&quot;hotspot_tooltip_text_wrap&quot;:&quot;&quot;},{&quot;hotspot_icon&quot;:{&quot;value&quot;:&quot;far fa-dot-circle&quot;,&quot;library&quot;:&quot;fa-regular&quot;},&quot;hotspot_icon_spacing&quot;:{&quot;unit&quot;:&quot;px&quot;,&quot;size&quot;:18,&quot;sizes&quot;:[]},&quot;hotspot_custom_size&quot;:&quot;&quot;,&quot;hotspot_width&quot;:null,&quot;hotspot_height&quot;:null,&quot;hotspot_tooltip_content&quot;:&quot;&quot;,&quot;hotspot_offset_x&quot;:{&quot;unit&quot;:&quot;%&quot;,&quot;size&quot;:86,&quot;sizes&quot;:[]},&quot;hotspot_offset_y&quot;:{&quot;unit&quot;:&quot;%&quot;,&quot;size&quot;:55,&quot;sizes&quot;:[]},&quot;hotspot_tooltip_position&quot;:&quot;yes&quot;,&quot;hotspot_tooltip_width&quot;:{&quot;unit&quot;:&quot;px&quot;,&quot;size&quot;:0,&quot;sizes&quot;:[]},&quot;_id&quot;:&quot;d91c1ea&quot;,&quot;hotspot_label&quot;:&quot;Klassenzimmerkurse&quot;,&quot;hotspot_link&quot;:{&quot;url&quot;:&quot;&quot;,&quot;is_external&quot;:&quot;&quot;,&quot;nofollow&quot;:&quot;&quot;,&quot;custom_attributes&quot;:&quot;&quot;},&quot;hotspot_horizontal&quot;:&quot;left&quot;,&quot;hotspot_vertical&quot;:&quot;top&quot;,&quot;hotspot_position&quot;:&quot;&quot;,&quot;hotspot_icon_position&quot;:&quot;start&quot;,&quot;hotspot_tooltip_text_wrap&quot;:&quot;&quot;},{&quot;hotspot_icon&quot;:{&quot;value&quot;:&quot;far fa-dot-circle&quot;,&quot;library&quot;:&quot;fa-regular&quot;},&quot;hotspot_icon_spacing&quot;:{&quot;unit&quot;:&quot;px&quot;,&quot;size&quot;:18,&quot;sizes&quot;:[]},&quot;hotspot_custom_size&quot;:&quot;&quot;,&quot;hotspot_width&quot;:null,&quot;hotspot_height&quot;:null,&quot;hotspot_tooltip_content&quot;:&quot;&quot;,&quot;hotspot_offset_x&quot;:{&quot;unit&quot;:&quot;%&quot;,&quot;size&quot;:80,&quot;sizes&quot;:[]},&quot;hotspot_offset_y&quot;:{&quot;unit&quot;:&quot;%&quot;,&quot;size&quot;:34,&quot;sizes&quot;:[]},&quot;hotspot_tooltip_position&quot;:&quot;yes&quot;,&quot;hotspot_tooltip_width&quot;:{&quot;unit&quot;:&quot;px&quot;,&quot;size&quot;:0,&quot;sizes&quot;:[]},&quot;_id&quot;:&quot;83a68a5&quot;,&quot;hotspot_label&quot;:&quot;Verpackerei&quot;,&quot;__dynamic__&quot;:{&quot;hotspot_link&quot;:&quot;[elementor-tag id=\\&quot;ebb0f1d\\&quot; name=\\&quot;internal-url\\&quot; settings=\\&quot;%7B%22type%22%3A%22post%22%2C%22post_id%22%3A%22888%22%7D\\&quot;]&quot;},&quot;hotspot_link&quot;:{&quot;url&quot;:&quot;https:\\\/\\\/test.schoeni-consulting.ch\\\/?page_id=888&quot;,&quot;is_external&quot;:&quot;&quot;,&quot;nofollow&quot;:&quot;&quot;,&quot;custom_attributes&quot;:&quot;&quot;},&quot;hotspot_horizontal&quot;:&quot;left&quot;,&quot;hotspot_vertical&quot;:&quot;top&quot;,&quot;hotspot_position&quot;:&quot;&quot;,&quot;hotspot_icon_position&quot;:&quot;start&quot;,&quot;hotspot_tooltip_text_wrap&quot;:&quot;&quot;}],&quot;tooltip_trigger&quot;:&quot;mouseenter&quot;,&quot;tooltip_animation&quot;:&quot;e-hotspot--fade-direction&quot;,&quot;tooltip_position&quot;:&quot;top&quot;}\" data-widget_type=\"hotspot.default\">\n\t\t\t\t<div class=\"elementor-widget-container\">\n\t\t\t\t\t<img fetchpriority=\"high\" decoding=\"async\" width=\"2000\" height=\"2000\" src=\"https:\/\/test.schoeni-consulting.ch\/wp-content\/uploads\/2025\/09\/fracht-1.webp\" class=\"attachment-full size-full wp-image-522\" alt=\"\" srcset=\"https:\/\/test.schoeni-consulting.ch\/wp-content\/uploads\/2025\/09\/fracht-1.webp 2000w, https:\/\/test.schoeni-consulting.ch\/wp-content\/uploads\/2025\/09\/fracht-1-300x300.webp 300w, https:\/\/test.schoeni-consulting.ch\/wp-content\/uploads\/2025\/09\/fracht-1-1024x1024.webp 1024w, https:\/\/test.schoeni-consulting.ch\/wp-content\/uploads\/2025\/09\/fracht-1-150x150.webp 150w, https:\/\/test.schoeni-consulting.ch\/wp-content\/uploads\/2025\/09\/fracht-1-768x768.webp 768w, https:\/\/test.schoeni-consulting.ch\/wp-content\/uploads\/2025\/09\/fracht-1-1536x1536.webp 1536w\" sizes=\"(max-width: 2000px) 100vw, 2000px\" \/>\n\t\t\t\t\t\t<a class=\"e-hotspot elementor-repeater-item-be59530  e-hotspot--position-left e-hotspot--position-top e-hotspot--link \" href=\"https:\/\/test.schoeni-consulting.ch\/?page_id=409\">\n\n\t\t\t\t\t\t\t\t<div class=\"e-hotspot__button e-hotspot--soft-beat\">\n\t\t\t\t\t\t\t\t\t\t\t\t\t\t\t\t\t\t<div class=\"e-hotspot__icon\"><svg class=\"e-font-icon-svg e-far-dot-circle\" viewBox=\"0 0 512 512\" xmlns=\"http:\/\/www.w3.org\/2000\/svg\"><path d=\"M256 56c110.532 0 200 89.451 200 200 0 110.532-89.451 200-200 200-110.532 0-200-89.451-200-200 0-110.532 89.451-200 200-200m0-48C119.033 8 8 119.033 8 256s111.033 248 248 248 248-111.033 248-248S392.967 8 256 8zm0 168c-44.183 0-80 35.817-80 80s35.817 80 80 80 80-35.817 80-80-35.817-80-80-80z\"><\/path><\/svg><\/div>\n\t\t\t\t\t\t\t\t\t\t\t\t\t\t\t\t\t\t\t<div class=\"e-hotspot__label\">Luftfacht Training<\/div>\n\t\t\t\t\t\t\t\t\t\t\t\t\t\t\t<\/div>\n\n\t\t\t\t\t\t\t\t\n\t\t\t<\/a>\n\n\t\n\t\t\t\t\t\t<a class=\"e-hotspot elementor-repeater-item-4ef4102  e-hotspot--position-left e-hotspot--position-top e-hotspot--link \" href=\"https:\/\/test.schoeni-consulting.ch\/?page_id=578\">\n\n\t\t\t\t\t\t\t\t<div class=\"e-hotspot__button e-hotspot--soft-beat\">\n\t\t\t\t\t\t\t\t\t\t\t\t\t\t\t\t\t\t<div class=\"e-hotspot__icon\"><svg class=\"e-font-icon-svg e-far-dot-circle\" viewBox=\"0 0 512 512\" xmlns=\"http:\/\/www.w3.org\/2000\/svg\"><path d=\"M256 56c110.532 0 200 89.451 200 200 0 110.532-89.451 200-200 200-110.532 0-200-89.451-200-200 0-110.532 89.451-200 200-200m0-48C119.033 8 8 119.033 8 256s111.033 248 248 248 248-111.033 248-248S392.967 8 256 8zm0 168c-44.183 0-80 35.817-80 80s35.817 80 80 80 80-35.817 80-80-35.817-80-80-80z\"><\/path><\/svg><\/div>\n\t\t\t\t\t\t\t\t\t\t\t\t\t\t\t\t\t\t\t<div class=\"e-hotspot__label\">\u00a0ADR Training<\/div>\n\t\t\t\t\t\t\t\t\t\t\t\t\t\t\t<\/div>\n\n\t\t\t\t\t\t\t\t\n\t\t\t<\/a>\n\n\t\n\t\t\t\t\t\t<a class=\"e-hotspot elementor-repeater-item-0dc23db  e-hotspot--position-left e-hotspot--position-top e-hotspot--link \" href=\"https:\/\/test.schoeni-consulting.ch\/?page_id=753\">\n\n\t\t\t\t\t\t\t\t<div class=\"e-hotspot__button e-hotspot--soft-beat\">\n\t\t\t\t\t\t\t\t\t\t\t\t\t\t\t\t\t\t<div class=\"e-hotspot__icon\"><svg class=\"e-font-icon-svg e-far-dot-circle\" viewBox=\"0 0 512 512\" xmlns=\"http:\/\/www.w3.org\/2000\/svg\"><path d=\"M256 56c110.532 0 200 89.451 200 200 0 110.532-89.451 200-200 200-110.532 0-200-89.451-200-200 0-110.532 89.451-200 200-200m0-48C119.033 8 8 119.033 8 256s111.033 248 248 248 248-111.033 248-248S392.967 8 256 8zm0 168c-44.183 0-80 35.817-80 80s35.817 80 80 80 80-35.817 80-80-35.817-80-80-80z\"><\/path><\/svg><\/div>\n\t\t\t\t\t\t\t\t\t\t\t\t\t\t\t\t\t\t\t<div class=\"e-hotspot__label\">Seefracht Training<\/div>\n\t\t\t\t\t\t\t\t\t\t\t\t\t\t\t<\/div>\n\n\t\t\t\t\t\t\t\t\n\t\t\t<\/a>\n\n\t\n\t\t\t\t\t\t<div class=\"e-hotspot elementor-repeater-item-d00aed0  e-hotspot--position-left e-hotspot--position-top  \">\n\n\t\t\t\t\t\t\t\t<div class=\"e-hotspot__button e-hotspot--soft-beat\">\n\t\t\t\t\t\t\t\t\t\t\t\t\t\t\t\t\t\t<div class=\"e-hotspot__icon\"><svg class=\"e-font-icon-svg e-far-dot-circle\" viewBox=\"0 0 512 512\" xmlns=\"http:\/\/www.w3.org\/2000\/svg\"><path d=\"M256 56c110.532 0 200 89.451 200 200 0 110.532-89.451 200-200 200-110.532 0-200-89.451-200-200 0-110.532 89.451-200 200-200m0-48C119.033 8 8 119.033 8 256s111.033 248 248 248 248-111.033 248-248S392.967 8 256 8zm0 168c-44.183 0-80 35.817-80 80s35.817 80 80 80 80-35.817 80-80-35.817-80-80-80z\"><\/path><\/svg><\/div>\n\t\t\t\t\t\t\t\t\t\t\t\t\t\t\t\t\t\t\t<div class=\"e-hotspot__label\">Inhouse Training<\/div>\n\t\t\t\t\t\t\t\t\t\t\t\t\t\t\t<\/div>\n\n\t\t\t\t\t\t\t\t\n\t\t\t<\/div>\n\n\t\n\t\t\t\t\t\t<div class=\"e-hotspot elementor-repeater-item-d91c1ea  e-hotspot--position-left e-hotspot--position-top  \">\n\n\t\t\t\t\t\t\t\t<div class=\"e-hotspot__button e-hotspot--soft-beat\">\n\t\t\t\t\t\t\t\t\t\t\t\t\t\t\t\t\t\t<div class=\"e-hotspot__icon\"><svg class=\"e-font-icon-svg e-far-dot-circle\" viewBox=\"0 0 512 512\" xmlns=\"http:\/\/www.w3.org\/2000\/svg\"><path d=\"M256 56c110.532 0 200 89.451 200 200 0 110.532-89.451 200-200 200-110.532 0-200-89.451-200-200 0-110.532 89.451-200 200-200m0-48C119.033 8 8 119.033 8 256s111.033 248 248 248 248-111.033 248-248S392.967 8 256 8zm0 168c-44.183 0-80 35.817-80 80s35.817 80 80 80 80-35.817 80-80-35.817-80-80-80z\"><\/path><\/svg><\/div>\n\t\t\t\t\t\t\t\t\t\t\t\t\t\t\t\t\t\t\t<div class=\"e-hotspot__label\">Klassenzimmerkurse<\/div>\n\t\t\t\t\t\t\t\t\t\t\t\t\t\t\t<\/div>\n\n\t\t\t\t\t\t\t\t\n\t\t\t<\/div>\n\n\t\n\t\t\t\t\t\t<a class=\"e-hotspot elementor-repeater-item-83a68a5  e-hotspot--position-left e-hotspot--position-top e-hotspot--link \" href=\"https:\/\/test.schoeni-consulting.ch\/?page_id=888\">\n\n\t\t\t\t\t\t\t\t<div class=\"e-hotspot__button e-hotspot--soft-beat\">\n\t\t\t\t\t\t\t\t\t\t\t\t\t\t\t\t\t\t<div class=\"e-hotspot__icon\"><svg class=\"e-font-icon-svg e-far-dot-circle\" viewBox=\"0 0 512 512\" xmlns=\"http:\/\/www.w3.org\/2000\/svg\"><path d=\"M256 56c110.532 0 200 89.451 200 200 0 110.532-89.451 200-200 200-110.532 0-200-89.451-200-200 0-110.532 89.451-200 200-200m0-48C119.033 8 8 119.033 8 256s111.033 248 248 248 248-111.033 248-248S392.967 8 256 8zm0 168c-44.183 0-80 35.817-80 80s35.817 80 80 80 80-35.817 80-80-35.817-80-80-80z\"><\/path><\/svg><\/div>\n\t\t\t\t\t\t\t\t\t\t\t\t\t\t\t\t\t\t\t<div class=\"e-hotspot__label\">Verpackerei<\/div>\n\t\t\t\t\t\t\t\t\t\t\t\t\t\t\t<\/div>\n\n\t\t\t\t\t\t\t\t\n\t\t\t<\/a>\n\n\t\n\t\t\t\t\t\t<\/div>\n\t\t\t\t<\/div>\n\t\t\t\t<\/div>\n\t\t\t\t<\/div>\n\t\t<div class=\"elementor-element elementor-element-dc93bd4 e-con-full e-flex e-con e-parent\" data-id=\"dc93bd4\" data-element_type=\"container\" data-settings=\"{&quot;background_background&quot;:&quot;gradient&quot;}\">\n\t\t<div class=\"elementor-element elementor-element-dadb02b e-con-full e-flex e-con e-child\" data-id=\"dadb02b\" data-element_type=\"container\">\n\t\t\t\t<div class=\"elementor-element elementor-element-9f047f3 elementor-widget elementor-widget-heading\" data-id=\"9f047f3\" data-element_type=\"widget\" data-widget_type=\"heading.default\">\n\t\t\t\t\t<h2 class=\"elementor-heading-title elementor-size-default\">RETO SCH\u00f6ni<\/h2>\t\t\t\t<\/div>\n\t\t\t\t<div class=\"elementor-element elementor-element-900e5fa elementor-widget elementor-widget-heading\" data-id=\"900e5fa\" data-element_type=\"widget\" data-widget_type=\"heading.default\">\n\t\t\t\t\t<h2 class=\"elementor-heading-title elementor-size-default\">Inhaber &amp; Trainer<\/h2>\t\t\t\t<\/div>\n\t\t\t\t<div class=\"elementor-element elementor-element-f3eba1f elementor-widget elementor-widget-text-editor\" data-id=\"f3eba1f\" data-element_type=\"widget\" data-widget_type=\"text-editor.default\">\n\t\t\t\t\t\t\t\t\t<p class=\"font_9 wixui-rich-text__text\"><span class=\"wixui-rich-text__text\"><span class=\"color_15 wixui-rich-text__text\">Es freut mich, wenn wir in der Welt des Gefahrgutes ihr Partner sein d\u00fcrfen. Mit unserer langj\u00e4hrigen Erfahrung sind wir gerne f\u00fcr sie da. Unsere Schulungen sind abwechslungsreich und sie lernen mit Spass die Vorschriften und die L\u00f6sungen f\u00fcr Ihr Unternehmen kennen.<\/span><\/span><\/p><p class=\"font_9 wixui-rich-text__text\"><span class=\"wixui-rich-text__text\"><span class=\"color_15 wixui-rich-text__text\">Wir verpacken aber auch ihr Gefahrgut und erstellen die Dokumente dazu. Auch als externer Gefahrgutbeauftragter stehen wir ihnen gerne zur Verf\u00fcgung.<\/span><\/span><\/p>\t\t\t\t\t\t\t\t<\/div>\n\t\t\t\t<\/div>\n\t\t\t\t<div class=\"elementor-element elementor-element-2ec35a9 elementor-widget elementor-widget-image\" data-id=\"2ec35a9\" data-element_type=\"widget\" data-widget_type=\"image.default\">\n\t\t\t\t\t\t\t\t\t\t\t\t\t\t\t<img decoding=\"async\" width=\"1563\" height=\"1563\" src=\"https:\/\/test.schoeni-consulting.ch\/wp-content\/uploads\/2025\/09\/reto-schoeni.webp\" class=\"attachment-full size-full wp-image-81\" alt=\"\" srcset=\"https:\/\/test.schoeni-consulting.ch\/wp-content\/uploads\/2025\/09\/reto-schoeni.webp 1563w, https:\/\/test.schoeni-consulting.ch\/wp-content\/uploads\/2025\/09\/reto-schoeni-300x300.webp 300w, https:\/\/test.schoeni-consulting.ch\/wp-content\/uploads\/2025\/09\/reto-schoeni-1024x1024.webp 1024w, https:\/\/test.schoeni-consulting.ch\/wp-content\/uploads\/2025\/09\/reto-schoeni-150x150.webp 150w, https:\/\/test.schoeni-consulting.ch\/wp-content\/uploads\/2025\/09\/reto-schoeni-768x768.webp 768w, https:\/\/test.schoeni-consulting.ch\/wp-content\/uploads\/2025\/09\/reto-schoeni-1536x1536.webp 1536w\" sizes=\"(max-width: 1563px) 100vw, 1563px\" \/>\t\t\t\t\t\t\t\t\t\t\t\t\t\t\t<\/div>\n\t\t\t\t<\/div>\n\t\t\t\t<\/div>\n\t\t","protected":false},"excerpt":{"rendered":"<p>Gefahrgutbeauftragten MANDATE Bei Sch\u00f6ni Consulting geht unsere Unterst\u00fctzung weit \u00fcber das Gefahrgutbeauftragten Mandat hinaus Keine Zeit, selbst einen Gefahrgutbeauftragten zu stellen? Wir \u00fcbernehmen dieses Mandat zuverl\u00e4ssig und kompetent f\u00fcr Sie. Als externe Gefahrgutbeauftragte k\u00fcmmern wir uns um die Einhaltung aller gesetzlichen Pflichten, erstellen Berichte, beraten bei Transportfragen und schulen Ihre Mitarbeitenden. So sind Sie jederzeit [&hellip;]<\/p>\n","protected":false},"author":1,"featured_media":0,"parent":0,"menu_order":0,"comment_status":"closed","ping_status":"closed","template":"elementor_header_footer","meta":{"footnotes":""},"class_list":["post-583","page","type-page","status-publish","hentry"],"_links":{"self":[{"href":"https:\/\/test.schoeni-consulting.ch\/index.php?rest_route=\/wp\/v2\/pages\/583","targetHints":{"allow":["GET"]}}],"collection":[{"href":"https:\/\/test.schoeni-consulting.ch\/index.php?rest_route=\/wp\/v2\/pages"}],"about":[{"href":"https:\/\/test.schoeni-consulting.ch\/index.php?rest_route=\/wp\/v2\/types\/page"}],"author":[{"embeddable":true,"href":"https:\/\/test.schoeni-consulting.ch\/index.php?rest_route=\/wp\/v2\/users\/1"}],"replies":[{"embeddable":true,"href":"https:\/\/test.schoeni-consulting.ch\/index.php?rest_route=%2Fwp%2Fv2%2Fcomments&post=583"}],"version-history":[{"count":178,"href":"https:\/\/test.schoeni-consulting.ch\/index.php?rest_route=\/wp\/v2\/pages\/583\/revisions"}],"predecessor-version":[{"id":1279,"href":"https:\/\/test.schoeni-consulting.ch\/index.php?rest_route=\/wp\/v2\/pages\/583\/revisions\/1279"}],"wp:attachment":[{"href":"https:\/\/test.schoeni-consulting.ch\/index.php?rest_route=%2Fwp%2Fv2%2Fmedia&parent=583"}],"curies":[{"name":"wp","href":"https:\/\/api.w.org\/{rel}","templated":true}]}}