{"id":753,"date":"2025-09-15T18:10:21","date_gmt":"2025-09-15T18:10:21","guid":{"rendered":"https:\/\/test.schoeni-consulting.ch\/?page_id=753"},"modified":"2025-09-16T19:02:28","modified_gmt":"2025-09-16T19:02:28","slug":"seefracht-training","status":"publish","type":"page","link":"https:\/\/test.schoeni-consulting.ch\/?page_id=753","title":{"rendered":"Seefracht Training"},"content":{"rendered":"\t\t<div data-elementor-type=\"wp-page\" data-elementor-id=\"753\" class=\"elementor elementor-753\" data-elementor-post-type=\"page\">\n\t\t\t\t<div class=\"elementor-element elementor-element-4f0b35b e-con-full e-flex e-con e-parent\" data-id=\"4f0b35b\" data-element_type=\"container\">\n\t\t<div class=\"elementor-element elementor-element-6ae161f e-con-full e-flex e-con e-child\" data-id=\"6ae161f\" data-element_type=\"container\" data-settings=\"{&quot;background_background&quot;:&quot;classic&quot;}\">\n\t\t\t\t<\/div>\n\t\t<div class=\"elementor-element elementor-element-373cd02 e-con-full e-flex e-con e-child\" data-id=\"373cd02\" data-element_type=\"container\">\n\t\t\t\t<div class=\"elementor-element elementor-element-1219649 elementor-widget__width-inherit e-transform elementor-widget elementor-widget-heading\" data-id=\"1219649\" data-element_type=\"widget\" data-settings=\"{&quot;_transform_rotateZ_effect&quot;:{&quot;unit&quot;:&quot;px&quot;,&quot;size&quot;:-90,&quot;sizes&quot;:[]},&quot;_transform_rotateZ_effect_tablet&quot;:{&quot;unit&quot;:&quot;deg&quot;,&quot;size&quot;:&quot;&quot;,&quot;sizes&quot;:[]},&quot;_transform_rotateZ_effect_mobile&quot;:{&quot;unit&quot;:&quot;deg&quot;,&quot;size&quot;:&quot;&quot;,&quot;sizes&quot;:[]}}\" data-widget_type=\"heading.default\">\n\t\t\t\t\t<h1 class=\"elementor-heading-title elementor-size-default\">SEEFRACHT <br> \nTRAINING <\/h1>\t\t\t\t<\/div>\n\t\t\t\t<\/div>\n\t\t<div class=\"elementor-element elementor-element-99c035d e-con-full e-flex e-con e-child\" data-id=\"99c035d\" data-element_type=\"container\" data-settings=\"{&quot;background_background&quot;:&quot;classic&quot;}\">\n\t\t\t\t<\/div>\n\t\t\t\t<\/div>\n\t\t<div class=\"elementor-element elementor-element-bf62b60 e-con-full e-flex e-con e-parent\" data-id=\"bf62b60\" data-element_type=\"container\" data-settings=\"{&quot;background_background&quot;:&quot;classic&quot;}\">\n\t\t\t\t<div class=\"elementor-element elementor-element-2a6e1e2 elementor-widget-divider--separator-type-pattern elementor-widget-divider--view-line elementor-widget elementor-widget-divider\" data-id=\"2a6e1e2\" data-element_type=\"widget\" data-widget_type=\"divider.default\">\n\t\t\t\t\t\t\t<div class=\"elementor-divider\" style=\"--divider-pattern-url: url(&quot;data:image\/svg+xml,%3Csvg xmlns=&#039;http:\/\/www.w3.org\/2000\/svg&#039; preserveAspectRatio=&#039;none&#039; overflow=&#039;visible&#039; height=&#039;100%&#039; viewBox=&#039;0 0 24 24&#039; fill=&#039;black&#039; stroke=&#039;none&#039;%3E%3Cpolygon points=&#039;9.4,2 24,2 14.6,21.6 0,21.6&#039;\/%3E%3C\/svg%3E&quot;);\">\n\t\t\t<span class=\"elementor-divider-separator\">\n\t\t\t\t\t\t<\/span>\n\t\t<\/div>\n\t\t\t\t\t\t<\/div>\n\t\t\t\t<\/div>\n\t\t<div class=\"elementor-element elementor-element-9a17a01 e-con-full e-flex e-con e-parent\" data-id=\"9a17a01\" data-element_type=\"container\" data-settings=\"{&quot;background_background&quot;:&quot;classic&quot;}\">\n\t\t<div class=\"elementor-element elementor-element-f10d8ba e-con-full e-flex e-con e-child\" data-id=\"f10d8ba\" data-element_type=\"container\">\n\t\t\t\t<div class=\"elementor-element elementor-element-f99d232 elementor-widget elementor-widget-heading\" data-id=\"f99d232\" data-element_type=\"widget\" data-widget_type=\"heading.default\">\n\t\t\t\t\t<h2 class=\"elementor-heading-title elementor-size-default\">Von der Theorie zur Praxis: Ihr Weg zum zertifizierten <span style=\"color:#F26925\"> Seefracht-Profi<\/h2>\t\t\t\t<\/div>\n\t\t\t\t<\/div>\n\t\t<div class=\"elementor-element elementor-element-10a1523 e-con-full e-flex e-con e-child\" data-id=\"10a1523\" data-element_type=\"container\">\n\t\t\t\t<div class=\"elementor-element elementor-element-1598cff elementor-widget elementor-widget-text-editor\" data-id=\"1598cff\" data-element_type=\"widget\" data-widget_type=\"text-editor.default\">\n\t\t\t\t\t\t\t\t\t<p><span style=\"font-weight: 400;\">Der Transport von Gefahrgut auf dem Seeweg unterliegt strengen internationalen Vorgaben (IMDG-Code). In unserem <\/span><b>Seefracht Training<\/b><span style=\"font-weight: 400;\"> vermitteln wir Ihnen alle wichtigen Kenntnisse f\u00fcr die rechtskonforme Vorbereitung und Dokumentation von Gefahrgutsendungen.<br \/><\/span><span style=\"font-weight: 400;\"><br \/><\/span><span style=\"font-weight: 400;\">Ob vor Ort in Ihrem Betrieb oder bei uns im Klassenzimmer \u2013 die Teilnehmenden erwerben ein <\/span><b>anerkanntes Zertifikat<\/b><span style=\"font-weight: 400;\">, mit dem sie sicher und vorschriftsgem\u00e4\u00df Gefahrgut \u00fcber den Seeweg versenden k\u00f6nnen.<\/span><\/p>\t\t\t\t\t\t\t\t<\/div>\n\t\t\t\t<\/div>\n\t\t\t\t<\/div>\n\t\t<div class=\"elementor-element elementor-element-91f4611 e-con-full e-flex e-con e-parent\" data-id=\"91f4611\" data-element_type=\"container\" data-settings=\"{&quot;background_background&quot;:&quot;gradient&quot;}\">\n\t\t<div class=\"elementor-element elementor-element-29966b7 e-con-full e-flex e-con e-child\" data-id=\"29966b7\" data-element_type=\"container\">\n\t\t\t\t<div class=\"elementor-element elementor-element-e5b604b elementor-widget elementor-widget-heading\" data-id=\"e5b604b\" data-element_type=\"widget\" data-widget_type=\"heading.default\">\n\t\t\t\t\t<h2 class=\"elementor-heading-title elementor-size-default\">Nicht nur auf dem Seeweg, sondern auch in Luft und Stra\u00dfe sind wir Ihr Partner \u2013 entdecken Sie neben dem Seefracht Training unsere weiteren <span style=\"color:#F26925\"> Services<\/h2>\t\t\t\t<\/div>\n\t\t\t\t<\/div>\n\t\t<div class=\"elementor-element elementor-element-14d9e5b e-con-full e-flex e-con e-child\" data-id=\"14d9e5b\" data-element_type=\"container\">\n\t\t\t\t<div class=\"elementor-element elementor-element-3ae9b59 elementor-widget elementor-widget-hotspot\" data-id=\"3ae9b59\" data-element_type=\"widget\" data-settings=\"{&quot;hotspot&quot;:[{&quot;_id&quot;:&quot;be59530&quot;,&quot;hotspot_icon&quot;:{&quot;value&quot;:&quot;far fa-dot-circle&quot;,&quot;library&quot;:&quot;fa-regular&quot;},&quot;hotspot_icon_spacing&quot;:{&quot;unit&quot;:&quot;px&quot;,&quot;size&quot;:18,&quot;sizes&quot;:[]},&quot;hotspot_custom_size&quot;:&quot;&quot;,&quot;hotspot_width&quot;:null,&quot;hotspot_height&quot;:null,&quot;hotspot_tooltip_content&quot;:&quot;&quot;,&quot;hotspot_offset_x&quot;:{&quot;unit&quot;:&quot;%&quot;,&quot;size&quot;:20,&quot;sizes&quot;:[]},&quot;hotspot_offset_y&quot;:{&quot;unit&quot;:&quot;%&quot;,&quot;size&quot;:34,&quot;sizes&quot;:[]},&quot;hotspot_tooltip_position&quot;:&quot;yes&quot;,&quot;hotspot_tooltip_width&quot;:{&quot;unit&quot;:&quot;px&quot;,&quot;size&quot;:0,&quot;sizes&quot;:[]},&quot;hotspot_label&quot;:&quot;Luftfacht Training&quot;,&quot;__dynamic__&quot;:{&quot;hotspot_link&quot;:&quot;[elementor-tag id=\\&quot;b27fb89\\&quot; name=\\&quot;internal-url\\&quot; settings=\\&quot;%7B%22type%22%3A%22post%22%2C%22post_id%22%3A%22409%22%7D\\&quot;]&quot;},&quot;hotspot_link&quot;:{&quot;url&quot;:&quot;https:\\\/\\\/test.schoeni-consulting.ch\\\/?page_id=409&quot;,&quot;is_external&quot;:&quot;&quot;,&quot;nofollow&quot;:&quot;&quot;,&quot;custom_attributes&quot;:&quot;&quot;},&quot;hotspot_horizontal&quot;:&quot;left&quot;,&quot;hotspot_vertical&quot;:&quot;top&quot;,&quot;hotspot_position&quot;:&quot;&quot;,&quot;hotspot_icon_position&quot;:&quot;start&quot;,&quot;hotspot_tooltip_text_wrap&quot;:&quot;&quot;},{&quot;hotspot_icon&quot;:{&quot;value&quot;:&quot;far fa-dot-circle&quot;,&quot;library&quot;:&quot;fa-regular&quot;},&quot;hotspot_icon_spacing&quot;:{&quot;unit&quot;:&quot;px&quot;,&quot;size&quot;:18,&quot;sizes&quot;:[]},&quot;hotspot_custom_size&quot;:&quot;&quot;,&quot;hotspot_width&quot;:null,&quot;hotspot_height&quot;:null,&quot;hotspot_tooltip_content&quot;:&quot;&quot;,&quot;hotspot_offset_x&quot;:{&quot;unit&quot;:&quot;%&quot;,&quot;size&quot;:58,&quot;sizes&quot;:[]},&quot;hotspot_offset_y&quot;:{&quot;unit&quot;:&quot;%&quot;,&quot;size&quot;:34,&quot;sizes&quot;:[]},&quot;hotspot_tooltip_position&quot;:&quot;yes&quot;,&quot;hotspot_tooltip_width&quot;:{&quot;unit&quot;:&quot;px&quot;,&quot;size&quot;:0,&quot;sizes&quot;:[]},&quot;_id&quot;:&quot;4ef4102&quot;,&quot;hotspot_label&quot;:&quot;\\u00a0ADR Training&quot;,&quot;__dynamic__&quot;:{&quot;hotspot_link&quot;:&quot;[elementor-tag id=\\&quot;63648b5\\&quot; name=\\&quot;internal-url\\&quot; settings=\\&quot;%7B%22type%22%3A%22post%22%2C%22post_id%22%3A%22578%22%7D\\&quot;]&quot;},&quot;hotspot_link&quot;:{&quot;url&quot;:&quot;https:\\\/\\\/test.schoeni-consulting.ch\\\/?page_id=578&quot;,&quot;is_external&quot;:&quot;&quot;,&quot;nofollow&quot;:&quot;&quot;,&quot;custom_attributes&quot;:&quot;&quot;},&quot;hotspot_horizontal&quot;:&quot;left&quot;,&quot;hotspot_vertical&quot;:&quot;top&quot;,&quot;hotspot_position&quot;:&quot;&quot;,&quot;hotspot_icon_position&quot;:&quot;start&quot;,&quot;hotspot_tooltip_text_wrap&quot;:&quot;&quot;},{&quot;hotspot_icon&quot;:{&quot;value&quot;:&quot;far fa-dot-circle&quot;,&quot;library&quot;:&quot;fa-regular&quot;},&quot;hotspot_icon_spacing&quot;:{&quot;unit&quot;:&quot;px&quot;,&quot;size&quot;:18,&quot;sizes&quot;:[]},&quot;hotspot_custom_size&quot;:&quot;&quot;,&quot;hotspot_width&quot;:null,&quot;hotspot_height&quot;:null,&quot;hotspot_tooltip_content&quot;:&quot;&quot;,&quot;hotspot_offset_x&quot;:{&quot;unit&quot;:&quot;%&quot;,&quot;size&quot;:24,&quot;sizes&quot;:[]},&quot;hotspot_offset_y&quot;:{&quot;unit&quot;:&quot;%&quot;,&quot;size&quot;:64,&quot;sizes&quot;:[]},&quot;hotspot_tooltip_position&quot;:&quot;yes&quot;,&quot;hotspot_tooltip_width&quot;:{&quot;unit&quot;:&quot;px&quot;,&quot;size&quot;:0,&quot;sizes&quot;:[]},&quot;_id&quot;:&quot;0dc23db&quot;,&quot;hotspot_label&quot;:&quot;Gefahrgutbeauftragten Mandate&quot;,&quot;__dynamic__&quot;:{&quot;hotspot_link&quot;:&quot;[elementor-tag id=\\&quot;34b746d\\&quot; name=\\&quot;internal-url\\&quot; settings=\\&quot;%7B%22type%22%3A%22post%22%2C%22post_id%22%3A%22583%22%7D\\&quot;]&quot;},&quot;hotspot_link&quot;:{&quot;url&quot;:&quot;https:\\\/\\\/test.schoeni-consulting.ch\\\/?page_id=583&quot;,&quot;is_external&quot;:&quot;&quot;,&quot;nofollow&quot;:&quot;&quot;,&quot;custom_attributes&quot;:&quot;&quot;},&quot;hotspot_horizontal&quot;:&quot;left&quot;,&quot;hotspot_vertical&quot;:&quot;top&quot;,&quot;hotspot_position&quot;:&quot;&quot;,&quot;hotspot_icon_position&quot;:&quot;start&quot;,&quot;hotspot_tooltip_text_wrap&quot;:&quot;&quot;},{&quot;hotspot_icon&quot;:{&quot;value&quot;:&quot;far fa-dot-circle&quot;,&quot;library&quot;:&quot;fa-regular&quot;},&quot;hotspot_icon_spacing&quot;:{&quot;unit&quot;:&quot;px&quot;,&quot;size&quot;:18,&quot;sizes&quot;:[]},&quot;hotspot_custom_size&quot;:&quot;&quot;,&quot;hotspot_width&quot;:null,&quot;hotspot_height&quot;:null,&quot;hotspot_tooltip_content&quot;:&quot;&quot;,&quot;hotspot_offset_x&quot;:{&quot;unit&quot;:&quot;%&quot;,&quot;size&quot;:64,&quot;sizes&quot;:[]},&quot;hotspot_offset_y&quot;:{&quot;unit&quot;:&quot;%&quot;,&quot;size&quot;:65,&quot;sizes&quot;:[]},&quot;hotspot_tooltip_position&quot;:&quot;yes&quot;,&quot;hotspot_tooltip_width&quot;:{&quot;unit&quot;:&quot;px&quot;,&quot;size&quot;:0,&quot;sizes&quot;:[]},&quot;_id&quot;:&quot;d00aed0&quot;,&quot;hotspot_label&quot;:&quot;Inhouse Training&quot;,&quot;hotspot_link&quot;:{&quot;url&quot;:&quot;&quot;,&quot;is_external&quot;:&quot;&quot;,&quot;nofollow&quot;:&quot;&quot;,&quot;custom_attributes&quot;:&quot;&quot;},&quot;hotspot_horizontal&quot;:&quot;left&quot;,&quot;hotspot_vertical&quot;:&quot;top&quot;,&quot;hotspot_position&quot;:&quot;&quot;,&quot;hotspot_icon_position&quot;:&quot;start&quot;,&quot;hotspot_tooltip_text_wrap&quot;:&quot;&quot;},{&quot;hotspot_icon&quot;:{&quot;value&quot;:&quot;far fa-dot-circle&quot;,&quot;library&quot;:&quot;fa-regular&quot;},&quot;hotspot_icon_spacing&quot;:{&quot;unit&quot;:&quot;px&quot;,&quot;size&quot;:18,&quot;sizes&quot;:[]},&quot;hotspot_custom_size&quot;:&quot;&quot;,&quot;hotspot_width&quot;:null,&quot;hotspot_height&quot;:null,&quot;hotspot_tooltip_content&quot;:&quot;&quot;,&quot;hotspot_offset_x&quot;:{&quot;unit&quot;:&quot;%&quot;,&quot;size&quot;:93,&quot;sizes&quot;:[]},&quot;hotspot_offset_y&quot;:{&quot;unit&quot;:&quot;%&quot;,&quot;size&quot;:62,&quot;sizes&quot;:[]},&quot;hotspot_tooltip_position&quot;:&quot;yes&quot;,&quot;hotspot_tooltip_width&quot;:{&quot;unit&quot;:&quot;px&quot;,&quot;size&quot;:0,&quot;sizes&quot;:[]},&quot;_id&quot;:&quot;d91c1ea&quot;,&quot;hotspot_label&quot;:&quot;Klassenzimmerkurse&quot;,&quot;hotspot_link&quot;:{&quot;url&quot;:&quot;&quot;,&quot;is_external&quot;:&quot;&quot;,&quot;nofollow&quot;:&quot;&quot;,&quot;custom_attributes&quot;:&quot;&quot;},&quot;hotspot_horizontal&quot;:&quot;left&quot;,&quot;hotspot_vertical&quot;:&quot;top&quot;,&quot;hotspot_position&quot;:&quot;&quot;,&quot;hotspot_icon_position&quot;:&quot;start&quot;,&quot;hotspot_tooltip_text_wrap&quot;:&quot;&quot;},{&quot;hotspot_icon&quot;:{&quot;value&quot;:&quot;far fa-dot-circle&quot;,&quot;library&quot;:&quot;fa-regular&quot;},&quot;hotspot_icon_spacing&quot;:{&quot;unit&quot;:&quot;px&quot;,&quot;size&quot;:18,&quot;sizes&quot;:[]},&quot;hotspot_custom_size&quot;:&quot;&quot;,&quot;hotspot_width&quot;:null,&quot;hotspot_height&quot;:null,&quot;hotspot_tooltip_content&quot;:&quot;&quot;,&quot;hotspot_offset_x&quot;:{&quot;unit&quot;:&quot;%&quot;,&quot;size&quot;:86,&quot;sizes&quot;:[]},&quot;hotspot_offset_y&quot;:{&quot;unit&quot;:&quot;%&quot;,&quot;size&quot;:38,&quot;sizes&quot;:[]},&quot;hotspot_tooltip_position&quot;:&quot;yes&quot;,&quot;hotspot_tooltip_width&quot;:{&quot;unit&quot;:&quot;px&quot;,&quot;size&quot;:0,&quot;sizes&quot;:[]},&quot;_id&quot;:&quot;83a68a5&quot;,&quot;hotspot_label&quot;:&quot;Verpackerei&quot;,&quot;__dynamic__&quot;:{&quot;hotspot_link&quot;:&quot;[elementor-tag id=\\&quot;710779b\\&quot; name=\\&quot;internal-url\\&quot; settings=\\&quot;%7B%22type%22%3A%22post%22%2C%22post_id%22%3A%22888%22%7D\\&quot;]&quot;},&quot;hotspot_link&quot;:{&quot;url&quot;:&quot;https:\\\/\\\/test.schoeni-consulting.ch\\\/?page_id=888&quot;,&quot;is_external&quot;:&quot;&quot;,&quot;nofollow&quot;:&quot;&quot;,&quot;custom_attributes&quot;:&quot;&quot;},&quot;hotspot_horizontal&quot;:&quot;left&quot;,&quot;hotspot_vertical&quot;:&quot;top&quot;,&quot;hotspot_position&quot;:&quot;&quot;,&quot;hotspot_icon_position&quot;:&quot;start&quot;,&quot;hotspot_tooltip_text_wrap&quot;:&quot;&quot;}],&quot;tooltip_trigger&quot;:&quot;mouseenter&quot;,&quot;tooltip_animation&quot;:&quot;e-hotspot--fade-direction&quot;,&quot;tooltip_position&quot;:&quot;top&quot;}\" data-widget_type=\"hotspot.default\">\n\t\t\t\t<div class=\"elementor-widget-container\">\n\t\t\t\t\t<img fetchpriority=\"high\" decoding=\"async\" width=\"2000\" height=\"2000\" src=\"https:\/\/test.schoeni-consulting.ch\/wp-content\/uploads\/2025\/09\/container-01.webp\" class=\"attachment-full size-full wp-image-787\" alt=\"\" srcset=\"https:\/\/test.schoeni-consulting.ch\/wp-content\/uploads\/2025\/09\/container-01.webp 2000w, https:\/\/test.schoeni-consulting.ch\/wp-content\/uploads\/2025\/09\/container-01-300x300.webp 300w, https:\/\/test.schoeni-consulting.ch\/wp-content\/uploads\/2025\/09\/container-01-1024x1024.webp 1024w, https:\/\/test.schoeni-consulting.ch\/wp-content\/uploads\/2025\/09\/container-01-150x150.webp 150w, https:\/\/test.schoeni-consulting.ch\/wp-content\/uploads\/2025\/09\/container-01-768x768.webp 768w, https:\/\/test.schoeni-consulting.ch\/wp-content\/uploads\/2025\/09\/container-01-1536x1536.webp 1536w\" sizes=\"(max-width: 2000px) 100vw, 2000px\" \/>\n\t\t\t\t\t\t<a class=\"e-hotspot elementor-repeater-item-be59530  e-hotspot--position-left e-hotspot--position-top e-hotspot--link \" href=\"https:\/\/test.schoeni-consulting.ch\/?page_id=409\">\n\n\t\t\t\t\t\t\t\t<div class=\"e-hotspot__button e-hotspot--soft-beat\">\n\t\t\t\t\t\t\t\t\t\t\t\t\t\t\t\t\t\t<div class=\"e-hotspot__icon\"><svg class=\"e-font-icon-svg e-far-dot-circle\" viewBox=\"0 0 512 512\" xmlns=\"http:\/\/www.w3.org\/2000\/svg\"><path d=\"M256 56c110.532 0 200 89.451 200 200 0 110.532-89.451 200-200 200-110.532 0-200-89.451-200-200 0-110.532 89.451-200 200-200m0-48C119.033 8 8 119.033 8 256s111.033 248 248 248 248-111.033 248-248S392.967 8 256 8zm0 168c-44.183 0-80 35.817-80 80s35.817 80 80 80 80-35.817 80-80-35.817-80-80-80z\"><\/path><\/svg><\/div>\n\t\t\t\t\t\t\t\t\t\t\t\t\t\t\t\t\t\t\t<div class=\"e-hotspot__label\">Luftfacht Training<\/div>\n\t\t\t\t\t\t\t\t\t\t\t\t\t\t\t<\/div>\n\n\t\t\t\t\t\t\t\t\n\t\t\t<\/a>\n\n\t\n\t\t\t\t\t\t<a class=\"e-hotspot elementor-repeater-item-4ef4102  e-hotspot--position-left e-hotspot--position-top e-hotspot--link \" href=\"https:\/\/test.schoeni-consulting.ch\/?page_id=578\">\n\n\t\t\t\t\t\t\t\t<div class=\"e-hotspot__button e-hotspot--soft-beat\">\n\t\t\t\t\t\t\t\t\t\t\t\t\t\t\t\t\t\t<div class=\"e-hotspot__icon\"><svg class=\"e-font-icon-svg e-far-dot-circle\" viewBox=\"0 0 512 512\" xmlns=\"http:\/\/www.w3.org\/2000\/svg\"><path d=\"M256 56c110.532 0 200 89.451 200 200 0 110.532-89.451 200-200 200-110.532 0-200-89.451-200-200 0-110.532 89.451-200 200-200m0-48C119.033 8 8 119.033 8 256s111.033 248 248 248 248-111.033 248-248S392.967 8 256 8zm0 168c-44.183 0-80 35.817-80 80s35.817 80 80 80 80-35.817 80-80-35.817-80-80-80z\"><\/path><\/svg><\/div>\n\t\t\t\t\t\t\t\t\t\t\t\t\t\t\t\t\t\t\t<div class=\"e-hotspot__label\">\u00a0ADR Training<\/div>\n\t\t\t\t\t\t\t\t\t\t\t\t\t\t\t<\/div>\n\n\t\t\t\t\t\t\t\t\n\t\t\t<\/a>\n\n\t\n\t\t\t\t\t\t<a class=\"e-hotspot elementor-repeater-item-0dc23db  e-hotspot--position-left e-hotspot--position-top e-hotspot--link \" href=\"https:\/\/test.schoeni-consulting.ch\/?page_id=583\">\n\n\t\t\t\t\t\t\t\t<div class=\"e-hotspot__button e-hotspot--soft-beat\">\n\t\t\t\t\t\t\t\t\t\t\t\t\t\t\t\t\t\t<div class=\"e-hotspot__icon\"><svg class=\"e-font-icon-svg e-far-dot-circle\" viewBox=\"0 0 512 512\" xmlns=\"http:\/\/www.w3.org\/2000\/svg\"><path d=\"M256 56c110.532 0 200 89.451 200 200 0 110.532-89.451 200-200 200-110.532 0-200-89.451-200-200 0-110.532 89.451-200 200-200m0-48C119.033 8 8 119.033 8 256s111.033 248 248 248 248-111.033 248-248S392.967 8 256 8zm0 168c-44.183 0-80 35.817-80 80s35.817 80 80 80 80-35.817 80-80-35.817-80-80-80z\"><\/path><\/svg><\/div>\n\t\t\t\t\t\t\t\t\t\t\t\t\t\t\t\t\t\t\t<div class=\"e-hotspot__label\">Gefahrgutbeauftragten Mandate<\/div>\n\t\t\t\t\t\t\t\t\t\t\t\t\t\t\t<\/div>\n\n\t\t\t\t\t\t\t\t\n\t\t\t<\/a>\n\n\t\n\t\t\t\t\t\t<div class=\"e-hotspot elementor-repeater-item-d00aed0  e-hotspot--position-left e-hotspot--position-top  \">\n\n\t\t\t\t\t\t\t\t<div class=\"e-hotspot__button e-hotspot--soft-beat\">\n\t\t\t\t\t\t\t\t\t\t\t\t\t\t\t\t\t\t<div class=\"e-hotspot__icon\"><svg class=\"e-font-icon-svg e-far-dot-circle\" viewBox=\"0 0 512 512\" xmlns=\"http:\/\/www.w3.org\/2000\/svg\"><path d=\"M256 56c110.532 0 200 89.451 200 200 0 110.532-89.451 200-200 200-110.532 0-200-89.451-200-200 0-110.532 89.451-200 200-200m0-48C119.033 8 8 119.033 8 256s111.033 248 248 248 248-111.033 248-248S392.967 8 256 8zm0 168c-44.183 0-80 35.817-80 80s35.817 80 80 80 80-35.817 80-80-35.817-80-80-80z\"><\/path><\/svg><\/div>\n\t\t\t\t\t\t\t\t\t\t\t\t\t\t\t\t\t\t\t<div class=\"e-hotspot__label\">Inhouse Training<\/div>\n\t\t\t\t\t\t\t\t\t\t\t\t\t\t\t<\/div>\n\n\t\t\t\t\t\t\t\t\n\t\t\t<\/div>\n\n\t\n\t\t\t\t\t\t<div class=\"e-hotspot elementor-repeater-item-d91c1ea  e-hotspot--position-left e-hotspot--position-top  \">\n\n\t\t\t\t\t\t\t\t<div class=\"e-hotspot__button e-hotspot--soft-beat\">\n\t\t\t\t\t\t\t\t\t\t\t\t\t\t\t\t\t\t<div class=\"e-hotspot__icon\"><svg class=\"e-font-icon-svg e-far-dot-circle\" viewBox=\"0 0 512 512\" xmlns=\"http:\/\/www.w3.org\/2000\/svg\"><path d=\"M256 56c110.532 0 200 89.451 200 200 0 110.532-89.451 200-200 200-110.532 0-200-89.451-200-200 0-110.532 89.451-200 200-200m0-48C119.033 8 8 119.033 8 256s111.033 248 248 248 248-111.033 248-248S392.967 8 256 8zm0 168c-44.183 0-80 35.817-80 80s35.817 80 80 80 80-35.817 80-80-35.817-80-80-80z\"><\/path><\/svg><\/div>\n\t\t\t\t\t\t\t\t\t\t\t\t\t\t\t\t\t\t\t<div class=\"e-hotspot__label\">Klassenzimmerkurse<\/div>\n\t\t\t\t\t\t\t\t\t\t\t\t\t\t\t<\/div>\n\n\t\t\t\t\t\t\t\t\n\t\t\t<\/div>\n\n\t\n\t\t\t\t\t\t<a class=\"e-hotspot elementor-repeater-item-83a68a5  e-hotspot--position-left e-hotspot--position-top e-hotspot--link \" href=\"https:\/\/test.schoeni-consulting.ch\/?page_id=888\">\n\n\t\t\t\t\t\t\t\t<div class=\"e-hotspot__button e-hotspot--soft-beat\">\n\t\t\t\t\t\t\t\t\t\t\t\t\t\t\t\t\t\t<div class=\"e-hotspot__icon\"><svg class=\"e-font-icon-svg e-far-dot-circle\" viewBox=\"0 0 512 512\" xmlns=\"http:\/\/www.w3.org\/2000\/svg\"><path d=\"M256 56c110.532 0 200 89.451 200 200 0 110.532-89.451 200-200 200-110.532 0-200-89.451-200-200 0-110.532 89.451-200 200-200m0-48C119.033 8 8 119.033 8 256s111.033 248 248 248 248-111.033 248-248S392.967 8 256 8zm0 168c-44.183 0-80 35.817-80 80s35.817 80 80 80 80-35.817 80-80-35.817-80-80-80z\"><\/path><\/svg><\/div>\n\t\t\t\t\t\t\t\t\t\t\t\t\t\t\t\t\t\t\t<div class=\"e-hotspot__label\">Verpackerei<\/div>\n\t\t\t\t\t\t\t\t\t\t\t\t\t\t\t<\/div>\n\n\t\t\t\t\t\t\t\t\n\t\t\t<\/a>\n\n\t\n\t\t\t\t\t\t<\/div>\n\t\t\t\t<\/div>\n\t\t\t\t<\/div>\n\t\t\t\t<\/div>\n\t\t<div class=\"elementor-element elementor-element-aac4101 e-con-full e-flex e-con e-parent\" data-id=\"aac4101\" data-element_type=\"container\" data-settings=\"{&quot;background_background&quot;:&quot;gradient&quot;}\">\n\t\t<div class=\"elementor-element elementor-element-a9513ec e-con-full e-flex e-con e-child\" data-id=\"a9513ec\" data-element_type=\"container\">\n\t\t\t\t<div class=\"elementor-element elementor-element-62b7acc elementor-widget elementor-widget-heading\" data-id=\"62b7acc\" data-element_type=\"widget\" data-widget_type=\"heading.default\">\n\t\t\t\t\t<h2 class=\"elementor-heading-title elementor-size-default\">RETO SCH\u00f6ni<\/h2>\t\t\t\t<\/div>\n\t\t\t\t<div class=\"elementor-element elementor-element-51c2933 elementor-widget elementor-widget-heading\" data-id=\"51c2933\" data-element_type=\"widget\" data-widget_type=\"heading.default\">\n\t\t\t\t\t<h2 class=\"elementor-heading-title elementor-size-default\">Inhaber &amp; Trainer<\/h2>\t\t\t\t<\/div>\n\t\t\t\t<div class=\"elementor-element elementor-element-a37cc52 elementor-widget elementor-widget-text-editor\" data-id=\"a37cc52\" data-element_type=\"widget\" data-widget_type=\"text-editor.default\">\n\t\t\t\t\t\t\t\t\t<p class=\"font_9 wixui-rich-text__text\"><span class=\"wixui-rich-text__text\"><span class=\"color_15 wixui-rich-text__text\">Es freut mich, wenn wir in der Welt des Gefahrgutes ihr Partner sein d\u00fcrfen. Mit unserer langj\u00e4hrigen Erfahrung sind wir gerne f\u00fcr sie da. Unsere Schulungen sind abwechslungsreich und sie lernen mit Spass die Vorschriften und die L\u00f6sungen f\u00fcr Ihr Unternehmen kennen.<\/span><\/span><\/p><p class=\"font_9 wixui-rich-text__text\"><span class=\"wixui-rich-text__text\"><span class=\"color_15 wixui-rich-text__text\">Wir verpacken aber auch ihr Gefahrgut und erstellen die Dokumente dazu. Auch als externer Gefahrgutbeauftragter stehen wir ihnen gerne zur Verf\u00fcgung.<\/span><\/span><\/p>\t\t\t\t\t\t\t\t<\/div>\n\t\t\t\t<\/div>\n\t\t\t\t<div class=\"elementor-element elementor-element-b6ed288 elementor-widget elementor-widget-image\" data-id=\"b6ed288\" data-element_type=\"widget\" data-widget_type=\"image.default\">\n\t\t\t\t\t\t\t\t\t\t\t\t\t\t\t<img decoding=\"async\" width=\"1563\" height=\"1563\" src=\"https:\/\/test.schoeni-consulting.ch\/wp-content\/uploads\/2025\/09\/reto-schoeni.webp\" class=\"attachment-full size-full wp-image-81\" alt=\"\" srcset=\"https:\/\/test.schoeni-consulting.ch\/wp-content\/uploads\/2025\/09\/reto-schoeni.webp 1563w, https:\/\/test.schoeni-consulting.ch\/wp-content\/uploads\/2025\/09\/reto-schoeni-300x300.webp 300w, https:\/\/test.schoeni-consulting.ch\/wp-content\/uploads\/2025\/09\/reto-schoeni-1024x1024.webp 1024w, https:\/\/test.schoeni-consulting.ch\/wp-content\/uploads\/2025\/09\/reto-schoeni-150x150.webp 150w, https:\/\/test.schoeni-consulting.ch\/wp-content\/uploads\/2025\/09\/reto-schoeni-768x768.webp 768w, https:\/\/test.schoeni-consulting.ch\/wp-content\/uploads\/2025\/09\/reto-schoeni-1536x1536.webp 1536w\" sizes=\"(max-width: 1563px) 100vw, 1563px\" \/>\t\t\t\t\t\t\t\t\t\t\t\t\t\t\t<\/div>\n\t\t\t\t<\/div>\n\t\t\t\t<\/div>\n\t\t","protected":false},"excerpt":{"rendered":"<p>SEEFRACHT TRAINING Von der Theorie zur Praxis: Ihr Weg zum zertifizierten Seefracht-Profi Der Transport von Gefahrgut auf dem Seeweg unterliegt strengen internationalen Vorgaben (IMDG-Code). In unserem Seefracht Training vermitteln wir Ihnen alle wichtigen Kenntnisse f\u00fcr die rechtskonforme Vorbereitung und Dokumentation von Gefahrgutsendungen. Ob vor Ort in Ihrem Betrieb oder bei uns im Klassenzimmer \u2013 die [&hellip;]<\/p>\n","protected":false},"author":1,"featured_media":0,"parent":0,"menu_order":0,"comment_status":"closed","ping_status":"closed","template":"elementor_header_footer","meta":{"footnotes":""},"class_list":["post-753","page","type-page","status-publish","hentry"],"_links":{"self":[{"href":"https:\/\/test.schoeni-consulting.ch\/index.php?rest_route=\/wp\/v2\/pages\/753","targetHints":{"allow":["GET"]}}],"collection":[{"href":"https:\/\/test.schoeni-consulting.ch\/index.php?rest_route=\/wp\/v2\/pages"}],"about":[{"href":"https:\/\/test.schoeni-consulting.ch\/index.php?rest_route=\/wp\/v2\/types\/page"}],"author":[{"embeddable":true,"href":"https:\/\/test.schoeni-consulting.ch\/index.php?rest_route=\/wp\/v2\/users\/1"}],"replies":[{"embeddable":true,"href":"https:\/\/test.schoeni-consulting.ch\/index.php?rest_route=%2Fwp%2Fv2%2Fcomments&post=753"}],"version-history":[{"count":139,"href":"https:\/\/test.schoeni-consulting.ch\/index.php?rest_route=\/wp\/v2\/pages\/753\/revisions"}],"predecessor-version":[{"id":1230,"href":"https:\/\/test.schoeni-consulting.ch\/index.php?rest_route=\/wp\/v2\/pages\/753\/revisions\/1230"}],"wp:attachment":[{"href":"https:\/\/test.schoeni-consulting.ch\/index.php?rest_route=%2Fwp%2Fv2%2Fmedia&parent=753"}],"curies":[{"name":"wp","href":"https:\/\/api.w.org\/{rel}","templated":true}]}}